{"id":9165,"date":"2021-03-23T23:16:47","date_gmt":"2021-03-23T22:16:47","guid":{"rendered":"https:\/\/steel-rbb.pl\/filmy\/"},"modified":"2021-08-17T21:20:37","modified_gmt":"2021-08-17T19:20:37","slug":"filme","status":"publish","type":"page","link":"https:\/\/steel-rbb.pl\/de\/filme\/","title":{"rendered":"Filme"},"content":{"rendered":"<div class=\"wpb-content-wrapper\"><p>[vc_row css=&#8220;.vc_custom_1616160135085{margin-top: 60px !important;margin-bottom: 30px !important;}&#8220;][vc_column]<style>.ld_fancy_heading_69e2dd613d46e h3{color:rgb(0, 0, 0);}.ld_fancy_heading_69e2dd613d46e .lqd-highlight-inner{height:0.275em;bottom:0px;}<\/style><div class=\"ld-fancy-heading text-center ld_fancy_heading_69e2dd613d46e\">\n\t<h3 class=\"lqd-highlight-underline lqd-highlight-grow-left\" ><span class=\"ld-fh-txt\"> <\/p>\n<p style=\"text-align: left\">Filme<\/p>\n<p><\/span><\/h3><\/div>[\/vc_column][\/vc_row][vc_row][vc_column]<div id=\"ld_media_69e2dd613d77a\" class=\"ld-media-row row d-flex ld_media_69e2dd613d77a\" data-liquid-masonry=\"true\" >\n\t<div id=\"ld_media_element_69e2dd613d93d\" class=\"vc_col-sm-4 masonry-item text-center align-items-center ld_media_element_69e2dd613d93d\">\n\t<div class=\"ld-media-item content-bottom contents-visible\">\n\t\n\t\t<figure class=\"bg-center-top\" data-responsive-bg=\"true\">\n\t\n\t\t\t<img loading=\"lazy\" decoding=\"async\" width=\"640\" height=\"480\" src=\"data:image\/svg+xml;charset=utf-8,&lt;svg xmlns%3D&#039;http%3A%2F%2Fwww.w3.org%2F2000%2Fsvg&#039; viewBox%3D&#039;0 0 640 480&#039;%2F&gt;\" class=\"attachment-full size-full ld-lazyload\" alt=\"RBBscsFilm1\" srcset=\"\" sizes=\"auto, (max-width: 640px) 100vw, 640px\" data-src=\"https:\/\/rbb-stal.com.pl\/wp-content\/uploads\/2021\/04\/RBBscsFilm1.jpg\" data-srcset=\"https:\/\/rbb-stal.com.pl\/wp-content\/uploads\/2021\/04\/RBBscsFilm1.jpg 640w, https:\/\/rbb-stal.com.pl\/wp-content\/uploads\/2021\/04\/RBBscsFilm1-300x225.jpg 300w\" data-aspect=\"1.3333333333333\" \/>\t\t\t\t\n\t\t\t<div class=\"ld-media-item-overlay d-flex flex-column align-items-center justify-content-center text-center\">\n\t\n\t\t\t\t<div class=\"ld-media-bg\" style=\"background: linear-gradient(to top, #000 0%, transparent 100%);\"><\/div>\n\t\n\t\t\t\t<div class=\"ld-media-content\">\n\t\t\t\t\t<span class=\"ld-media-icon icon-play bordered\">\n\t\t\t\t\t\t\t<span class=\"ld-media-icon-inner\">\n\t\t\t\t\t\t\t\t<i class=\"fa fa-play\"><\/i>\n\t\t\t\t\t\t\t<\/span><!-- \/.ld-media-icon-inner -->\n\t\t\t\t\t\t<\/span><!-- \/.media-icon -->\t\t\t\t<\/div><!-- \/.ld-media-content -->\n\t\n\t\t\t<\/div><!-- \/.ld-media-item-overlay -->\n\t\n\t\t<\/figure>\n\t\n\t\t<div class=\"ld-media-content py-4\">\n\t\t\t\t<div class=\"ld-media-txt\"><h3>60-j\u00e4hriges Bestehen<\/h3> <h6 class=\"text-uppercase ltr-sp-135\">SCHAU DAS VIDEO<\/h6><\/div>\t\t<\/div><!-- \/.ld-media-content -->\n\t\n\t\t<a href=\"https:\/\/youtu.be\/6FJAiDeEdxA\" class=\"liquid-overlay-link fresco\" data-fresco-group=\"ld-1616159181940-60b2d697-aff4\"><\/a>\t\n\t<\/div><!-- \/.ld-media-item -->\n<\/div><div id=\"ld_media_element_69e2dd614b5df\" class=\"vc_col-sm-4 masonry-item text-center align-items-center ld_media_element_69e2dd614b5df\">\n\t<div class=\"ld-media-item content-bottom contents-visible\">\n\t\n\t\t<figure class=\"bg-center-top\" data-responsive-bg=\"true\">\n\t\n\t\t\t<img loading=\"lazy\" decoding=\"async\" width=\"640\" height=\"480\" src=\"data:image\/svg+xml;charset=utf-8,&lt;svg xmlns%3D&#039;http%3A%2F%2Fwww.w3.org%2F2000%2Fsvg&#039; viewBox%3D&#039;0 0 640 480&#039;%2F&gt;\" class=\"attachment-full size-full ld-lazyload\" alt=\"\" srcset=\"\" sizes=\"auto, (max-width: 640px) 100vw, 640px\" data-src=\"https:\/\/rbb-stal.com.pl\/wp-content\/uploads\/2021\/04\/RBBscsFilm6.jpg\" data-srcset=\"https:\/\/rbb-stal.com.pl\/wp-content\/uploads\/2021\/04\/RBBscsFilm6.jpg 640w, https:\/\/rbb-stal.com.pl\/wp-content\/uploads\/2021\/04\/RBBscsFilm6-300x225.jpg 300w\" data-aspect=\"1.3333333333333\" \/>\t\t\t\t\n\t\t\t<div class=\"ld-media-item-overlay d-flex flex-column align-items-center justify-content-center text-center\">\n\t\n\t\t\t\t<div class=\"ld-media-bg\" style=\"background: linear-gradient(to top, #000 0%, transparent 100%);\"><\/div>\n\t\n\t\t\t\t<div class=\"ld-media-content\">\n\t\t\t\t\t<span class=\"ld-media-icon icon-play bordered\">\n\t\t\t\t\t\t\t<span class=\"ld-media-icon-inner\">\n\t\t\t\t\t\t\t\t<i class=\"fa fa-play\"><\/i>\n\t\t\t\t\t\t\t<\/span><!-- \/.ld-media-icon-inner -->\n\t\t\t\t\t\t<\/span><!-- \/.media-icon -->\t\t\t\t<\/div><!-- \/.ld-media-content -->\n\t\n\t\t\t<\/div><!-- \/.ld-media-item-overlay -->\n\t\n\t\t<\/figure>\n\t\n\t\t<div class=\"ld-media-content py-4\">\n\t\t\t\t<div class=\"ld-media-txt\"><h3>STEEL RBB<\/h3> <h6 class=\"text-uppercase ltr-sp-135\">NACH MA\u00df, ZUM ZIELORT, P\u00dcNKTLICH<\/h6><\/div>\t\t<\/div><!-- \/.ld-media-content -->\n\t\n\t\t<a href=\"https:\/\/youtu.be\/5ruq5MntVnc\" class=\"liquid-overlay-link fresco\" data-fresco-group=\"ld-1616159181940-60b2d697-aff4\"><\/a>\t\n\t<\/div><!-- \/.ld-media-item -->\n<\/div><div id=\"ld_media_element_69e2dd615b3e1\" class=\"vc_col-sm-4 masonry-item text-center align-items-center ld_media_element_69e2dd615b3e1\">\n\t<div class=\"ld-media-item content-bottom contents-visible\">\n\t\n\t\t<figure class=\"bg-center-top\" data-responsive-bg=\"true\">\n\t\n\t\t\t<img loading=\"lazy\" decoding=\"async\" width=\"640\" height=\"480\" src=\"data:image\/svg+xml;charset=utf-8,&lt;svg xmlns%3D&#039;http%3A%2F%2Fwww.w3.org%2F2000%2Fsvg&#039; viewBox%3D&#039;0 0 640 480&#039;%2F&gt;\" class=\"attachment-full size-full ld-lazyload\" alt=\"RBBscsFilm5\" srcset=\"\" sizes=\"auto, (max-width: 640px) 100vw, 640px\" data-src=\"https:\/\/rbb-stal.com.pl\/wp-content\/uploads\/2021\/04\/RBBscsFilm5.1.jpg\" data-srcset=\"https:\/\/rbb-stal.com.pl\/wp-content\/uploads\/2021\/04\/RBBscsFilm5.1.jpg 640w, https:\/\/rbb-stal.com.pl\/wp-content\/uploads\/2021\/04\/RBBscsFilm5.1-300x225.jpg 300w\" data-aspect=\"1.3333333333333\" \/>\t\t\t\t\n\t\t\t<div class=\"ld-media-item-overlay d-flex flex-column align-items-center justify-content-center text-center\">\n\t\n\t\t\t\t<div class=\"ld-media-bg\" style=\"background: linear-gradient(to top, #000 0%, transparent 100%);\"><\/div>\n\t\n\t\t\t\t<div class=\"ld-media-content\">\n\t\t\t\t\t<span class=\"ld-media-icon icon-play bordered\">\n\t\t\t\t\t\t\t<span class=\"ld-media-icon-inner\">\n\t\t\t\t\t\t\t\t<i class=\"fa fa-play\"><\/i>\n\t\t\t\t\t\t\t<\/span><!-- \/.ld-media-icon-inner -->\n\t\t\t\t\t\t<\/span><!-- \/.media-icon -->\t\t\t\t<\/div><!-- \/.ld-media-content -->\n\t\n\t\t\t<\/div><!-- \/.ld-media-item-overlay -->\n\t\n\t\t<\/figure>\n\t\n\t\t<div class=\"ld-media-content py-4\">\n\t\t\t\t<div class=\"ld-media-txt\"><h3>System ERP<\/h3> <h6 class=\"text-uppercase ltr-sp-135\">PRESTIGE IN UNSERER ORGANISATION<\/h6><\/div>\t\t<\/div><!-- \/.ld-media-content -->\n\t\n\t\t<a href=\"https:\/\/youtu.be\/p4a4dFz4HkM\" class=\"liquid-overlay-link fresco\" data-fresco-group=\"ld-1616159181940-60b2d697-aff4\"><\/a>\t\n\t<\/div><!-- \/.ld-media-item -->\n<\/div><div id=\"ld_media_element_69e2dd6166d8c\" class=\"vc_col-sm-4 masonry-item text-center align-items-center ld_media_element_69e2dd6166d8c\">\n\t<div class=\"ld-media-item content-bottom contents-visible\">\n\t\n\t\t<figure class=\"bg-center-top\" data-responsive-bg=\"true\">\n\t\n\t\t\t<img loading=\"lazy\" decoding=\"async\" width=\"640\" height=\"480\" src=\"data:image\/svg+xml;charset=utf-8,&lt;svg xmlns%3D&#039;http%3A%2F%2Fwww.w3.org%2F2000%2Fsvg&#039; viewBox%3D&#039;0 0 640 480&#039;%2F&gt;\" class=\"attachment-full size-full ld-lazyload\" alt=\"RBBscsFilm3\" srcset=\"\" sizes=\"auto, (max-width: 640px) 100vw, 640px\" data-src=\"https:\/\/rbb-stal.com.pl\/wp-content\/uploads\/2021\/04\/RBBscsFilm3.jpg\" data-srcset=\"https:\/\/rbb-stal.com.pl\/wp-content\/uploads\/2021\/04\/RBBscsFilm3.jpg 640w, https:\/\/rbb-stal.com.pl\/wp-content\/uploads\/2021\/04\/RBBscsFilm3-300x225.jpg 300w\" data-aspect=\"1.3333333333333\" \/>\t\t\t\t\n\t\t\t<div class=\"ld-media-item-overlay d-flex flex-column align-items-center justify-content-center text-center\">\n\t\n\t\t\t\t<div class=\"ld-media-bg\" style=\"background: linear-gradient(to top, #000 0%, transparent 100%);\"><\/div>\n\t\n\t\t\t\t<div class=\"ld-media-content\">\n\t\t\t\t\t<span class=\"ld-media-icon icon-play bordered\">\n\t\t\t\t\t\t\t<span class=\"ld-media-icon-inner\">\n\t\t\t\t\t\t\t\t<i class=\"fa fa-play\"><\/i>\n\t\t\t\t\t\t\t<\/span><!-- \/.ld-media-icon-inner -->\n\t\t\t\t\t\t<\/span><!-- \/.media-icon -->\t\t\t\t<\/div><!-- \/.ld-media-content -->\n\t\n\t\t\t<\/div><!-- \/.ld-media-item-overlay -->\n\t\n\t\t<\/figure>\n\t\n\t\t<div class=\"ld-media-content py-4\">\n\t\t\t\t<div class=\"ld-media-txt\"><h3>Wender RBB 8T<\/h3> <h6 class=\"text-uppercase ltr-sp-135\">SEHEN SIE, WIE WIR PRODUKTE SICHERN<\/h6><\/div>\t\t<\/div><!-- \/.ld-media-content -->\n\t\n\t\t<a href=\"https:\/\/youtu.be\/I2Y1_8mL07E\" class=\"liquid-overlay-link fresco\" data-fresco-group=\"ld-1616159181940-60b2d697-aff4\"><\/a>\t\n\t<\/div><!-- \/.ld-media-item -->\n<\/div><div id=\"ld_media_element_69e2dd617248c\" class=\"vc_col-sm-4 masonry-item text-center align-items-center ld_media_element_69e2dd617248c\">\n\t<div class=\"ld-media-item content-bottom contents-visible\">\n\t\n\t\t<figure class=\"bg-center-top\" data-responsive-bg=\"true\">\n\t\n\t\t\t<img loading=\"lazy\" decoding=\"async\" width=\"640\" height=\"480\" src=\"data:image\/svg+xml;charset=utf-8,&lt;svg xmlns%3D&#039;http%3A%2F%2Fwww.w3.org%2F2000%2Fsvg&#039; viewBox%3D&#039;0 0 640 480&#039;%2F&gt;\" class=\"attachment-full size-full ld-lazyload\" alt=\"RBBkosFilm7\" srcset=\"\" sizes=\"auto, (max-width: 640px) 100vw, 640px\" data-src=\"https:\/\/rbb-stal.com.pl\/wp-content\/uploads\/2021\/05\/RBBkosFilm7.jpg\" data-srcset=\"https:\/\/rbb-stal.com.pl\/wp-content\/uploads\/2021\/05\/RBBkosFilm7.jpg 640w, https:\/\/rbb-stal.com.pl\/wp-content\/uploads\/2021\/05\/RBBkosFilm7-300x225.jpg 300w\" data-aspect=\"1.3333333333333\" \/>\t\t\t\t\n\t\t\t<div class=\"ld-media-item-overlay d-flex flex-column align-items-center justify-content-center text-center\">\n\t\n\t\t\t\t<div class=\"ld-media-bg\" style=\"background: linear-gradient(to top, #000 0%, transparent 100%);\"><\/div>\n\t\n\t\t\t\t<div class=\"ld-media-content\">\n\t\t\t\t\t<span class=\"ld-media-icon icon-play bordered\">\n\t\t\t\t\t\t\t<span class=\"ld-media-icon-inner\">\n\t\t\t\t\t\t\t\t<i class=\"fa fa-play\"><\/i>\n\t\t\t\t\t\t\t<\/span><!-- \/.ld-media-icon-inner -->\n\t\t\t\t\t\t<\/span><!-- \/.media-icon -->\t\t\t\t<\/div><!-- \/.ld-media-content -->\n\t\n\t\t\t<\/div><!-- \/.ld-media-item-overlay -->\n\t\n\t\t<\/figure>\n\t\n\t\t<div class=\"ld-media-content py-4\">\n\t\t\t\t<div class=\"ld-media-txt\"><h3>Zawodowy Zoom - CWRKDiZ Kalisz<\/h3> <h6 class=\"text-uppercase ltr-sp-135\">Zobacz jak edukujemy nasz\u0105 przysz\u0142\u0105 kadr\u0119.<\/h6><\/div>\t\t<\/div><!-- \/.ld-media-content -->\n\t\n\t\t<a href=\"https:\/\/youtu.be\/I2Y1_8mL07E\" class=\"liquid-overlay-link fresco\" data-fresco-group=\"ld-1616159181940-60b2d697-aff4\"><\/a>\t\n\t<\/div><!-- \/.ld-media-item -->\n<\/div>\n<\/div><!-- \/.ld-media-row -->\n\n\n<style>.ld_spacer_69e2dd617e6ec{height:150px;}<\/style>\n<div class=\"ld-empty-space ld_spacer_69e2dd617e6ec\"><span class=\"liquid_empty_space_inner\"><\/span><\/div>[\/vc_column][\/vc_row]<\/p>\n<\/div>","protected":false},"excerpt":{"rendered":"<p>[vc_row css=&#8220;.vc_custom_1616160135085{margin-top: 60px !important;margin-bottom: 30px !important;}&#8220;][vc_column][\/vc_column][\/vc_row][vc_row][vc_column][\/vc_column][\/vc_row]<\/p>\n","protected":false},"author":1,"featured_media":0,"parent":0,"menu_order":0,"comment_status":"closed","ping_status":"closed","template":"","meta":{"footnotes":""},"class_list":["post-9165","page","type-page","status-publish","hentry"],"_links":{"self":[{"href":"https:\/\/steel-rbb.pl\/de\/wp-json\/wp\/v2\/pages\/9165","targetHints":{"allow":["GET"]}}],"collection":[{"href":"https:\/\/steel-rbb.pl\/de\/wp-json\/wp\/v2\/pages"}],"about":[{"href":"https:\/\/steel-rbb.pl\/de\/wp-json\/wp\/v2\/types\/page"}],"author":[{"embeddable":true,"href":"https:\/\/steel-rbb.pl\/de\/wp-json\/wp\/v2\/users\/1"}],"replies":[{"embeddable":true,"href":"https:\/\/steel-rbb.pl\/de\/wp-json\/wp\/v2\/comments?post=9165"}],"version-history":[{"count":5,"href":"https:\/\/steel-rbb.pl\/de\/wp-json\/wp\/v2\/pages\/9165\/revisions"}],"predecessor-version":[{"id":9433,"href":"https:\/\/steel-rbb.pl\/de\/wp-json\/wp\/v2\/pages\/9165\/revisions\/9433"}],"wp:attachment":[{"href":"https:\/\/steel-rbb.pl\/de\/wp-json\/wp\/v2\/media?parent=9165"}],"curies":[{"name":"wp","href":"https:\/\/api.w.org\/{rel}","templated":true}]}}