{"id":9173,"date":"2021-03-19T17:07:21","date_gmt":"2021-03-19T16:07:21","guid":{"rendered":"https:\/\/steel-rbb.pl\/dokumenty\/"},"modified":"2025-12-03T10:38:57","modified_gmt":"2025-12-03T09:38:57","slug":"dokumenty","status":"publish","type":"page","link":"https:\/\/steel-rbb.pl\/de\/dokumenty\/","title":{"rendered":"Dokumente"},"content":{"rendered":"<div class=\"wpb-content-wrapper\"><p>[vc_row css=&#8220;.vc_custom_1616229531371{margin-top: 60px !important;margin-bottom: 60px !important;}&#8220;][vc_column][vc_column_text css=&#8220;&#8220;]<span style=\"font-weight: 400\">DOKUMENTE<\/span><\/p>\n<p><b>Dokumente und Vorschriften<\/b><b>:<\/b><\/p>\n<ul>\n<li style=\"font-weight: 400\"><a href=\"https:\/\/steel-rbb.pl\/files\/REG-04_Regulamin_korzystania_z_faktur_elektronicznych_w1.pdf\"><span style=\"font-weight: 400\">Vorschriften f\u00fcr die Verwendung elektronischer Rechnungen<\/span><\/a><\/li>\n<li style=\"font-weight: 400\"><a href=\"https:\/\/steel-rbb.pl\/files\/REG-05_Ogolne_warunki_sprzedazy_w1.pdf\"><span style=\"font-weight: 400\">Allgemeine Verkaufsbedingungen<\/span><\/a><\/li>\n<li style=\"font-weight: 400\"><a href=\"https:\/\/steel-rbb.pl\/files\/F-010_Protokol_reklamacyjny.pdf\"><span style=\"font-weight: 400\">Reklamationsprotokoll<\/span><span style=\"font-weight: 400\"> F-010<\/span><\/a><\/li>\n<li style=\"font-weight: 400\"><a href=\"https:\/\/steel-rbb.pl\/files\/polityka_jakosci.pdf\"><span style=\"font-weight: 400\">Qualit\u00e4tsrichtlinie<\/span><\/a><\/li>\n<\/ul>\n<p><span style=\"font-weight: 400\">\u00a0<\/span><\/p>\n<p><b>DSGVO und Datenschutzrichtlinie<\/b><b>:<\/b><\/p>\n<ul>\n<li style=\"font-weight: 400\"><a href=\"https:\/\/steel-rbb.pl\/files\/RBB-PBD_Z08_Klauzula_informacyjna_dotycz%C4%85ca_przetwarzania_danych_osobowych.pdf\"><span style=\"font-weight: 400\">Informationsklausel zur Verarbeitung personenbezogener Daten \u2013 DSGVO<\/span><\/a><\/li>\n<li style=\"font-weight: 400\"><a href=\"https:\/\/steel-rbb.pl\/files\/RBB-PBD_Polityka_Bezpiecze%C5%84stwa_Danych_Osobowych.pdf\"><span style=\"font-weight: 400\">Sicherheitsrichtlinie f\u00fcr personenbezogene Daten<\/span><\/a><\/li>\n<\/ul>\n<p><b>\u00a0<\/b><\/p>\n<p><b>Zertifikate<\/b><b> und Auszeichnungen:<\/b><\/p>\n<ul>\n<li><a href=\"https:\/\/steel-rbb.pl\/files\/Certyfikat_CSJB-0699-2024_PN-EN_ISO_9001,14001,45001.pdf\" target=\"_blank\" rel=\"noopener\">Integriertes Managementsystem gem\u00e4\u00df den Normen:\u00a0<strong>PN-EN ISO 9001:2015, PN-EN ISO 14001:2015, PN-ISO 45001:2018<\/strong><\/a><\/li>\n<li><a href=\"https:\/\/steel-rbb.pl\/files\/Certyfikat_PN-EN_ISO_3834-2-2021-09.pdf\" target=\"_blank\" rel=\"noopener\">Qualit\u00e4tsanforderungen beim Schwei\u00dfen gem\u00e4\u00df der Norm:\u00a0<strong>PN-EN ISO 3834:2:2021-09<\/strong><\/a><\/li>\n<li><a href=\"https:\/\/steel-rbb.pl\/files\/zal_Certyfikat_PN-EN_ISO_3834-22021-09_EN.pdf\" target=\"_blank\" rel=\"noopener\">Anlage zum Zertifikat \u00a0<strong>PN-EN ISO 3834:2:2021-09 CSW\/699\/2023<\/strong><\/a><\/li>\n<li style=\"font-weight: 400\"><a href=\"https:\/\/steel-rbb.pl\/files\/Certyfikat_EN15085-2-2007_DE.pdf\" target=\"_blank\" rel=\"noopener\"><b>EN 15085-2:2007 <\/b><span style=\"font-weight: 400\">Schwei\u00dfen von Schienenfahrzeugen und deren Komponenten<\/span><span style=\"font-weight: 400\">\u00a0<\/span><\/a><\/li>\n<li style=\"font-weight: 400\"><a href=\"https:\/\/steel-rbb.pl\/files\/Certyfikat_ZKP_1090(1433-CPR-0070)_EN.pdf\" target=\"_blank\" rel=\"noopener\"><b>PN-EN 1090-1 +A1:2012 IDT EN 1090-1:2009+A1:2011<\/b> <span style=\"font-weight: 400\">werkseigene Produktionskontrolle<\/span><span style=\"font-weight: 400\">\u00a0<\/span><\/a><\/li>\n<li><a href=\"https:\/\/steel-rbb.pl\/files\/326_Zertifikat_Q-Module_A2_D1_E1_H_H1_de.pdf\" target=\"_blank\" rel=\"noopener\">Quality Assurance System according to Directive 2014\/68\/EU Module A2<\/a><\/li>\n<li style=\"font-weight: 400\"><a href=\"https:\/\/steel-rbb.pl\/files\/AD2000-Merkblatt_en.pdf\" target=\"_blank\" rel=\"noopener\"><b>AD 2000 <\/b><span style=\"font-weight: 400\">\u2013 Merkblatt HP0<\/span><\/a><\/li>\n<li><a href=\"https:\/\/steel-rbb.pl\/files\/DIN_EN_10204_DE.pdf\" target=\"_blank\" rel=\"noopener\"><span style=\"font-weight: 400\">Die Erf\u00fcllung der Anforderungen f\u00fcr die \u00dcbertragung der Kennzeichnung (Umstempelung) von metallischen Werkstoffen DIN EN 10204<\/span><\/a><\/li>\n<li style=\"font-weight: 400\"><a href=\"https:\/\/steel-rbb.pl\/files\/Certyfikat_10787_en.pdf\" target=\"_blank\" rel=\"noopener\"><span style=\"font-weight: 400\">\u00dcbertragung und Beglaubigung der Materialkennzeichnung gem\u00e4\u00df<\/span><span style=\"font-weight: 400\">: Richtlinie 2014\/68\/UE Anhang 1, Pkt. 3.1.5;<\/span><span style=\"font-weight: 400\"><br \/>\n<\/span><span style=\"font-weight: 400\">PN-EN 764-5:2015-04, Pkt. 6.2.2; WUDT\/UC\/2003 WO-W\/14, Pkt. 2; AD 2000 HP0 Pkt.4<\/span><\/a><\/li>\n<li><a href=\"https:\/\/steel-rbb.pl\/files\/ncage_code.pdf\" target=\"_blank\" rel=\"noopener\">NATO Commercial and Government Entity Code &#8211; NCAGE Code : 9BKEH<\/a><\/li>\n<li style=\"font-weight: 400\"><a href=\"https:\/\/steel-rbb.pl\/files\/mercury.pdf\"><span style=\"font-weight: 400\">Goldener Merkur<\/span><\/a><\/li>\n<\/ul>\n<p><span style=\"font-weight: 400\">\u00a0<\/span><\/p>\n<p><span style=\"font-weight: 400\">ZUM HERUNTERLADEN<\/span><span style=\"font-weight: 400\">:<\/span><\/p>\n<p><b>Informationsbrosch\u00fcre<\/b><b> RBB:<\/b><\/p>\n<ul>\n<li style=\"font-weight: 400\"><a href=\"https:\/\/steel-rbb.pl\/files\/broszura.pdf\"><span style=\"font-weight: 400\">Brosch\u00fcre\u00a0<\/span><\/a><\/li>\n<\/ul>\n<p><b>Gr\u00fcnfutterwalze:<\/b><\/p>\n<ul>\n<li style=\"font-weight: 400\"><a href=\"https:\/\/steel-rbb.pl\/files\/ulotka-wal-2018.pdf\"><span style=\"font-weight: 400\">Katalog\u00a0<\/span><\/a><\/li>\n<\/ul>\n<p><b>Baggerschaufel:<\/b><\/p>\n<ul>\n<li style=\"font-weight: 400\"><a href=\"https:\/\/steel-rbb.pl\/files\/katalog%20lyzki%202015.pdf\"><span style=\"font-weight: 400\">Katalog<\/span><\/a><\/li>\n<\/ul>\n<p>[\/vc_column_text][\/vc_column][\/vc_row]<\/p>\n<\/div>","protected":false},"excerpt":{"rendered":"<p>[vc_row css=&#8220;.vc_custom_1616229531371{margin-top: 60px !important;margin-bottom: 60px !important;}&#8220;][vc_column][vc_column_text css=&#8220;&#8220;]DOKUMENTE Dokumente und Vorschriften: Vorschriften f\u00fcr die Verwendung elektronischer&#8230;<\/p>\n","protected":false},"author":1,"featured_media":0,"parent":0,"menu_order":0,"comment_status":"closed","ping_status":"closed","template":"","meta":{"footnotes":""},"class_list":["post-9173","page","type-page","status-publish","hentry"],"_links":{"self":[{"href":"https:\/\/steel-rbb.pl\/de\/wp-json\/wp\/v2\/pages\/9173","targetHints":{"allow":["GET"]}}],"collection":[{"href":"https:\/\/steel-rbb.pl\/de\/wp-json\/wp\/v2\/pages"}],"about":[{"href":"https:\/\/steel-rbb.pl\/de\/wp-json\/wp\/v2\/types\/page"}],"author":[{"embeddable":true,"href":"https:\/\/steel-rbb.pl\/de\/wp-json\/wp\/v2\/users\/1"}],"replies":[{"embeddable":true,"href":"https:\/\/steel-rbb.pl\/de\/wp-json\/wp\/v2\/comments?post=9173"}],"version-history":[{"count":16,"href":"https:\/\/steel-rbb.pl\/de\/wp-json\/wp\/v2\/pages\/9173\/revisions"}],"predecessor-version":[{"id":10549,"href":"https:\/\/steel-rbb.pl\/de\/wp-json\/wp\/v2\/pages\/9173\/revisions\/10549"}],"wp:attachment":[{"href":"https:\/\/steel-rbb.pl\/de\/wp-json\/wp\/v2\/media?parent=9173"}],"curies":[{"name":"wp","href":"https:\/\/api.w.org\/{rel}","templated":true}]}}